{"id":130,"date":"2014-12-14T17:16:41","date_gmt":"2014-12-14T17:16:41","guid":{"rendered":"http:\/\/easy-to-read.eu\/?page_id=130"},"modified":"2015-02-25T13:52:01","modified_gmt":"2015-02-25T13:52:01","slug":"8-2","status":"publish","type":"page","link":"https:\/\/easy-to-read.inclusion-europe.eu\/cs\/","title":{"rendered":"Doma"},"content":{"rendered":"<h3><span style=\"color: #008000;\"><strong>Ud\u011blejte Va\u0161e informace srozumiteln\u00e9!<\/strong><\/span><\/h3>\n<p>M\u00edt srozumiteln\u00e9 informace je pro lidi s\u00a0ment\u00e1ln\u00edm posti\u017een\u00edm d\u016fle\u017eit\u00e9, kdy\u017e cht\u011bj\u00ed:<\/p>\n<ul>\n<li>Pozn\u00e1vat a u\u010dit se nov\u00e9 v\u011bci.<\/li>\n<li>B\u00fdt sou\u010d\u00e1st\u00ed spole\u010dnosti.<\/li>\n<li>Zn\u00e1t sv\u00e1 pr\u00e1va a postavit se za n\u011b.<\/li>\n<li>Rozhodovat se a jednat podle vlastn\u00ed volby.<\/li>\n<\/ul>\n<p>Lid\u00e9 s\u00a0ment\u00e1ln\u00edm posti\u017een\u00edm maj\u00ed pr\u00e1vo z\u00edskat informace, kter\u00e9 jsou snadno \u010diteln\u00e9 a srozumiteln\u00e9.<\/p>\n","protected":false},"excerpt":{"rendered":"<p>Ud\u011blejte Va\u0161e informace srozumiteln\u00e9! M\u00edt srozumiteln\u00e9 informace je pro lidi s\u00a0ment\u00e1ln\u00edm posti\u017een\u00edm d\u016fle\u017eit\u00e9, kdy\u017e cht\u011bj\u00ed: Pozn\u00e1vat a u\u010dit se nov\u00e9 v\u011bci. B\u00fdt sou\u010d\u00e1st\u00ed spole\u010dnosti. Zn\u00e1t sv\u00e1 pr\u00e1va a postavit se za n\u011b. Rozhodovat se a jednat podle vlastn\u00ed volby. Lid\u00e9 s\u00a0ment\u00e1ln\u00edm posti\u017een\u00edm maj\u00ed pr\u00e1vo z\u00edskat informace, kter\u00e9 jsou snadno \u010diteln\u00e9 a srozumiteln\u00e9.<\/p>\n","protected":false},"author":1,"featured_media":0,"parent":0,"menu_order":0,"comment_status":"closed","ping_status":"closed","template":"","meta":[],"_links":{"self":[{"href":"https:\/\/easy-to-read.inclusion-europe.eu\/cs\/wp-json\/wp\/v2\/pages\/130"}],"collection":[{"href":"https:\/\/easy-to-read.inclusion-europe.eu\/cs\/wp-json\/wp\/v2\/pages"}],"about":[{"href":"https:\/\/easy-to-read.inclusion-europe.eu\/cs\/wp-json\/wp\/v2\/types\/page"}],"author":[{"embeddable":true,"href":"https:\/\/easy-to-read.inclusion-europe.eu\/cs\/wp-json\/wp\/v2\/users\/1"}],"replies":[{"embeddable":true,"href":"https:\/\/easy-to-read.inclusion-europe.eu\/cs\/wp-json\/wp\/v2\/comments?post=130"}],"version-history":[{"count":4,"href":"https:\/\/easy-to-read.inclusion-europe.eu\/cs\/wp-json\/wp\/v2\/pages\/130\/revisions"}],"predecessor-version":[{"id":1246,"href":"https:\/\/easy-to-read.inclusion-europe.eu\/cs\/wp-json\/wp\/v2\/pages\/130\/revisions\/1246"}],"wp:attachment":[{"href":"https:\/\/easy-to-read.inclusion-europe.eu\/cs\/wp-json\/wp\/v2\/media?parent=130"}],"curies":[{"name":"wp","href":"https:\/\/api.w.org\/{rel}","templated":true}]}}