{"id":126,"date":"2014-12-14T17:30:46","date_gmt":"2014-12-14T17:30:46","guid":{"rendered":"http:\/\/easy-to-read.eu\/?page_id=126"},"modified":"2015-02-25T14:23:15","modified_gmt":"2015-02-25T14:23:15","slug":"european-logo","status":"publish","type":"page","link":"https:\/\/easy-to-read.inclusion-europe.eu\/cs\/european-logo\/","title":{"rendered":"Evropsk\u00e9 logo"},"content":{"rendered":"<div id=\"stcpDiv\">\n<h3><\/h3>\n<h3><span style=\"color: #008000;\"><strong>Pro\u010d pou\u017e\u00edvat Evropsk\u00e9 logo pro snadno srozumiteln\u00e9 informace?<\/strong><\/span><\/h3>\n<h3><span style=\"color: #008000;\">\u00a0<\/span><\/h3>\n<p>Pokud vid\u00edte toto logo na dokumentu,<\/p>\n<p>znamen\u00e1 to, \u017ee obsah (text) je snadno srozumiteln\u00fd.<\/p>\n<p>Ka\u017ed\u00fd m\u016f\u017ee pou\u017e\u00edvat toto logo.<\/p>\n<p>M\u016f\u017eete ho um\u00edstit na sv\u00e9 snadno srozumiteln\u00e9 dokumenty, bro\u017eury nebo webov\u00e9 str\u00e1nky.<br \/>\nZa pou\u017e\u00edv\u00e1n\u00ed loga nemus\u00edte platit.<\/p>\n<p>Ale mus\u00edte dodr\u017eovat n\u011bkolik pravidel:<\/p>\n<ul>\n<li>Dokument mus\u00ed b\u00fdt napsan\u00fd v\u00a0souladu s\u00a0pravidly o snadno srozumiteln\u00fdch informac\u00edch.<\/li>\n<\/ul>\n<p>Tato pravidla se naz\u00fdvaj\u00ed <em>Evropsk\u00e9 normy pro vytv\u00e1\u0159en\u00ed snadno srozumiteln\u00fdch informac\u00ed.<\/em><\/p>\n<ul>\n<li>Alespo\u0148 jeden \u010dlov\u011bk s\u00a0ment\u00e1ln\u00edm posti\u017een\u00edm mus\u00ed ohodnotit, \u017ee V\u00e1\u0161 dokument je srozumiteln\u00fd.<\/li>\n<\/ul>\n<p>N\u00ed\u017ee se m\u016f\u017eete pod\u00edvat na n\u011bkter\u00e1 dal\u0161\u00ed pravidla tvorby snadno srozumiteln\u00fdch text\u016f.<\/p>\n<table style=\"border-color: #f01313;\" border=\"3\">\n<tbody>\n<tr>\n<td style=\"border-color: #e61515; text-align: center;\"><span id=\"result_box\" class=\"\" lang=\"de\" tabindex=\"-1\"><\/span><strong>Podm\u00ednky pro pou\u017e\u00edv\u00e1n\u00ed Evropsk\u00e9ho loga snadno srozumiteln\u00fdch informac\u00ed<\/strong><\/p>\n<ol>\n<li style=\"text-align: left;\">Lid\u00e9, kte\u0159\u00ed pou\u017e\u00edvaj\u00ed toto logo, mus\u00ed dodr\u017eovat <em>\u201eEvropsk\u00e9 normy pro vytv\u00e1\u0159en\u00ed snadno srozumiteln\u00fdch informac\u00ed\u201c<\/em><\/li>\n<\/ol>\n<ol>\n<li style=\"text-align: left;\"><\/li>\n<li style=\"text-align: left;\">Pou\u017eit\u00ed loga se mus\u00ed \u0159\u00eddit t\u011bmito n\u00e1sleduj\u00edc\u00edmi \u00fadaji<br \/>\na. <em>Barva: Modr\u00e1:<\/em><br \/>\nPANTONE \u2013 072;<br \/>\n<em>CMYK &#8211; azurov\u00e1 100%, Magenta 87%, \u010dern\u00e1 6%;<\/em><br \/>\nRVB: 26-63-147;<br \/>\nWEB: #333399<br \/>\nb. <em>Minim\u00e1ln\u00ed velikost 15mmx15mm (v\u00fd\u0161ka)<\/em><\/li>\n<li style=\"text-align: left;\">Jeden nebo v\u00edce rodil\u00fdch mluv\u010d\u00ed s\u00a0ment\u00e1ln\u00edm posti\u017een\u00edmmus\u00ed prov\u00e9st hodnocen\u00ed Va\u0161eho dokumentu nebo publikace. Jm\u00e9na t\u011bchto hodnotitel\u016fby se m\u011bla objevit ve Va\u0161\u00ed bro\u017eu\u0159e.<\/li>\n<li style=\"text-align: left;\">Ve Va\u0161ich publikac\u00edch je nutn\u00e9 pou\u017e\u00edt n\u00e1sleduj\u00edc\u00ed v\u011btu:Ve Va\u0161ich publikac\u00edch je nutn\u00e9 pou\u017e\u00edt n\u00e1sleduj\u00edc\u00ed v\u011btu: \u201c\u00a9 European Easy-to-Read Logo: Inclusion Europe.\u00a0. V\u00edce informac\u00ed na <a href=\"http:\/\/www.inclusion-europe.org\/etr%E2%80%9D.\">www.easy-to-read.eu\u201d.<\/a><\/li>\n<li style=\"text-align: left;\">Mus\u00edte n\u00e1m zaslat dv\u011b kopie ka\u017ed\u00e9ho vyd\u00e1n\u00ed. V p\u0159\u00edpad\u011b, \u017ee je k dispozici elektronick\u00e1 verze, poskytnete n\u00e1m p\u0159\u00edslu\u0161n\u00e9 URL pro sta\u017een\u00ed.\u00a0Jednu kopii ulo\u017e\u00edme v\u00a0na\u0161\u00ed knihovn\u011b snadno srozumiteln\u00fdch informac\u00ed,\n<p>druhou kopii budeme pou\u017e\u00edvat k\u00a0propagaci p\u0159i na\u0161ich \u010dlensk\u00fdch aktivit\u00e1ch.<\/li>\n<\/ol>\n<p style=\"text-align: left;\">Inclusion Europe si vyhrazuje pr\u00e1vo odstoupit od povolen\u00ed pou\u017e\u00edvat Evropsk\u00e9 logo snadno srozumiteln\u00fdch informac\u00ed v p\u0159\u00edpad\u011b, \u017ee p\u0159edlo\u017een\u00e1 publikace bude vyvol\u00e1vat<\/p>\n<p style=\"text-align: left;\">v\u00e1\u017en\u00e9 pochybnosti, \u017ee p\u0159i jej\u00edm vzniku nebyla dodr\u017eena pravidla pro tvorbu snadno srozumiteln\u00fdch text\u016f.<\/p>\n<\/td>\n<\/tr>\n<\/tbody>\n<\/table>\n<p>&nbsp;<\/p>\n<table border=\"2\">\n<tbody>\n<tr>\n<td style=\"vertical-align: middle;\"><span class=\"hps\">Evropsk\u00e9 logo snadno srozumiteln\u00fdch informac\u00ed\u00a0&#8230;&#8230;&#8230;&#8230;&#8230;&#8230;.. gif<\/span><\/td>\n<td><span class=\"hps\"><a href=\"http:\/\/easy-to-read.inclusion-europe.eu\/wp-content\/uploads\/2014\/12\/ETR.gif\" target=\"_blank\"><img loading=\"lazy\" class=\"alignnone wp-image-81\" src=\"http:\/\/easy-to-read.inclusion-europe.eu\/wp-content\/uploads\/2014\/12\/ETR-300x297.gif\" alt=\"ETR\" width=\"89\" height=\"88\" srcset=\"https:\/\/easy-to-read.inclusion-europe.eu\/wp-content\/uploads\/2014\/12\/ETR-300x297.gif 300w, https:\/\/easy-to-read.inclusion-europe.eu\/wp-content\/uploads\/2014\/12\/ETR-150x150.gif 150w, https:\/\/easy-to-read.inclusion-europe.eu\/wp-content\/uploads\/2014\/12\/ETR-493x490.gif 493w, https:\/\/easy-to-read.inclusion-europe.eu\/wp-content\/uploads\/2014\/12\/ETR-246x245.gif 246w\" sizes=\"(max-width: 89px) 100vw, 89px\" \/><\/a><\/span><\/td>\n<\/tr>\n<tr>\n<td style=\"vertical-align: middle;\"><span class=\"hps\">Evropsk\u00e9 logo snadno srozumiteln\u00fdch informac\u00ed\u00a0&#8230;&#8230;&#8230;&#8230;&#8230;&#8230;.. jpg<\/span><\/td>\n<td><span class=\"hps\"><a href=\"http:\/\/easy-to-read.inclusion-europe.eu\/wp-content\/uploads\/2014\/12\/ETR.jpg\" target=\"_blank\"><img loading=\"lazy\" class=\"alignnone wp-image-81\" src=\"http:\/\/easy-to-read.inclusion-europe.eu\/wp-content\/uploads\/2014\/12\/ETR-300x297.gif\" alt=\"ETR\" width=\"89\" height=\"88\" srcset=\"https:\/\/easy-to-read.inclusion-europe.eu\/wp-content\/uploads\/2014\/12\/ETR-300x297.gif 300w, https:\/\/easy-to-read.inclusion-europe.eu\/wp-content\/uploads\/2014\/12\/ETR-150x150.gif 150w, https:\/\/easy-to-read.inclusion-europe.eu\/wp-content\/uploads\/2014\/12\/ETR-493x490.gif 493w, https:\/\/easy-to-read.inclusion-europe.eu\/wp-content\/uploads\/2014\/12\/ETR-246x245.gif 246w\" sizes=\"(max-width: 89px) 100vw, 89px\" \/><\/a><\/span><\/td>\n<\/tr>\n<tr>\n<td style=\"vertical-align: middle;\"><span class=\"hps\">Evropsk\u00e9 logo snadno srozumiteln\u00fdch informac\u00ed\u00a0&#8230;&#8230;&#8230;&#8230;&#8230;&#8230;.. tiff<\/span><\/td>\n<td><span class=\"hps\"><a href=\"http:\/\/easy-to-read.inclusion-europe.eu\/wp-content\/uploads\/2014\/12\/ETR.tiff\" target=\"_blank\"><img loading=\"lazy\" class=\"alignnone wp-image-81\" src=\"http:\/\/easy-to-read.inclusion-europe.eu\/wp-content\/uploads\/2014\/12\/ETR-300x297.gif\" alt=\"ETR\" width=\"89\" height=\"88\" srcset=\"https:\/\/easy-to-read.inclusion-europe.eu\/wp-content\/uploads\/2014\/12\/ETR-300x297.gif 300w, https:\/\/easy-to-read.inclusion-europe.eu\/wp-content\/uploads\/2014\/12\/ETR-150x150.gif 150w, https:\/\/easy-to-read.inclusion-europe.eu\/wp-content\/uploads\/2014\/12\/ETR-493x490.gif 493w, https:\/\/easy-to-read.inclusion-europe.eu\/wp-content\/uploads\/2014\/12\/ETR-246x245.gif 246w\" sizes=\"(max-width: 89px) 100vw, 89px\" \/><\/a><\/span><\/td>\n<\/tr>\n<\/tbody>\n<\/table>\n<div id=\"style2\"><\/div>\n<div id=\"style2\"><\/div>\n<\/div>\n","protected":false},"excerpt":{"rendered":"<p>Pro\u010d pou\u017e\u00edvat Evropsk\u00e9 logo pro snadno srozumiteln\u00e9 informace? \u00a0 Pokud vid\u00edte toto logo na dokumentu, znamen\u00e1 to, \u017ee obsah (text) je snadno srozumiteln\u00fd. Ka\u017ed\u00fd m\u016f\u017ee pou\u017e\u00edvat toto logo. M\u016f\u017eete ho um\u00edstit na sv\u00e9 snadno srozumiteln\u00e9 dokumenty, bro\u017eury nebo webov\u00e9 str\u00e1nky. Za pou\u017e\u00edv\u00e1n\u00ed loga nemus\u00edte platit. Ale mus\u00edte dodr\u017eovat n\u011bkolik pravidel: Dokument mus\u00ed b\u00fdt napsan\u00fd v\u00a0souladu [&hellip;]<\/p>\n","protected":false},"author":1,"featured_media":0,"parent":0,"menu_order":0,"comment_status":"closed","ping_status":"closed","template":"","meta":[],"_links":{"self":[{"href":"https:\/\/easy-to-read.inclusion-europe.eu\/cs\/wp-json\/wp\/v2\/pages\/126"}],"collection":[{"href":"https:\/\/easy-to-read.inclusion-europe.eu\/cs\/wp-json\/wp\/v2\/pages"}],"about":[{"href":"https:\/\/easy-to-read.inclusion-europe.eu\/cs\/wp-json\/wp\/v2\/types\/page"}],"author":[{"embeddable":true,"href":"https:\/\/easy-to-read.inclusion-europe.eu\/cs\/wp-json\/wp\/v2\/users\/1"}],"replies":[{"embeddable":true,"href":"https:\/\/easy-to-read.inclusion-europe.eu\/cs\/wp-json\/wp\/v2\/comments?post=126"}],"version-history":[{"count":5,"href":"https:\/\/easy-to-read.inclusion-europe.eu\/cs\/wp-json\/wp\/v2\/pages\/126\/revisions"}],"predecessor-version":[{"id":1250,"href":"https:\/\/easy-to-read.inclusion-europe.eu\/cs\/wp-json\/wp\/v2\/pages\/126\/revisions\/1250"}],"wp:attachment":[{"href":"https:\/\/easy-to-read.inclusion-europe.eu\/cs\/wp-json\/wp\/v2\/media?parent=126"}],"curies":[{"name":"wp","href":"https:\/\/api.w.org\/{rel}","templated":true}]}}